{"id":22,"date":"2025-01-07T18:24:14","date_gmt":"2025-01-07T18:24:14","guid":{"rendered":"https:\/\/finnflyten.no\/?page_id=22"},"modified":"2026-02-02T19:31:42","modified_gmt":"2026-02-02T19:31:42","slug":"hypnoterapi","status":"publish","type":"page","link":"https:\/\/finnflyten.no\/index.php\/hypnoterapi\/","title":{"rendered":"Hypnoterapi"},"content":{"rendered":"\n<h3 class=\"wp-block-heading\">Hva er hypnoterapi egentlig? <\/h3>\n\n\n\n<div class=\"wp-block-media-text has-media-on-the-right is-stacked-on-mobile is-style-rounded\" style=\"grid-template-columns:auto 22%\"><div class=\"wp-block-media-text__content\">\n<p>Kort fortalt dreier hypnoterapi seg om hjelp til \u00e5 endre m\u00e5ten man tenker og gj\u00f8r ting p\u00e5. Vi bruker flere teknikker for \u00e5 oppn\u00e5 dette, som EFT\/TFT og <a href=\"https:\/\/finnflyten.no\/index.php\/2025\/01\/07\/nlp-hva-er-det\/\" data-type=\"post\" data-id=\"64\">NLP<\/a>, men hovedvekten av behandlingen best\u00e5r av samtale og <em>hypnose<\/em>.<\/p>\n\n\n\n<p>Hypnose h\u00f8res kanskje skummelt ut, men det minner egentlig litt om meditasjon &#8211; bare at man har fullstendig laserfokus p\u00e5 l\u00f8sningen av problemet, og alt som er uvesentlig blir ja.. uvesentlig. Denne tilstanden kalles ogs\u00e5 <em>transe<\/em>.<\/p>\n<\/div><figure class=\"wp-block-media-text__media\"><img loading=\"lazy\" decoding=\"async\" width=\"150\" height=\"150\" src=\"https:\/\/finnflyten.no\/wp-content\/uploads\/2025\/02\/Transe-oyne-1-150x150.jpg\" alt=\"\" class=\"wp-image-209 size-full\"\/><\/figure><\/div>\n\n\n\n<h3 class=\"wp-block-heading\">-Transe? DET er skummelt, det!<\/h3>\n\n\n\n<p>Milton Erickson &#8211; en amerikansk psykiater, som regnes som opphavsmannen til moderne hypnose &#8211; forklarte hypnose som&nbsp;<em><strong>\u00abThe loss of the multiplicity of the foci of attention\u00bb<\/strong><\/em>, som veldig enkelt betyr at man er i transe n\u00e5r man fokuserer fullt og helt p\u00e5 \u00e9n ting og utelater alt annet.<\/p>\n\n\n\n<p>Dette gj\u00f8r vi alle sammen helt naturlig flere ganger om dagen, for eksempel n\u00e5r vi lever oss inn i en spennende film eller bok &#8211; eller TV-spill, sitter med h\u00e5ndarbeid, eller er i \u00abjobb-sonen\u00bb. Vi fokuserer p\u00e5 \u00e9n ting og alt annet blir uvesentlig.<\/p>\n\n\n\n<p>Hva tror du skjer n\u00e5r du sitter og scroller p\u00e5 mobilen, og s\u00e5 oppdager du at det plutselig har g\u00e5tt en halv time (eller lenger)? <\/p>\n\n\n\n<p>Ja, da har du v\u00e6rt i transe, faktisk. Det betyr ikke at du ikke hadde kontroll, eller ville reagert (eller &laquo;poppet ut&raquo;) dersom det hadde v\u00e6rt n\u00f8dvendig. Du var bare veldig, veldig fokusert. Og det f\u00f8ltes antagelig ganske avslappende. (Selv om hjernen din jobbet p\u00e5 h\u00f8ygir&#8230;)<\/p>\n\n\n\n<p>N\u00e5r man er i transe vil den kritiske sansen, som er \u00abportvokteren\u00bb mellom det bevisste og det ubevisste sinnet, sette d\u00f8ra litt p\u00e5 gl\u00f8tt. Man blir mindre kritisk. Den indre dialogen blir mindre h\u00f8ylytt og hektisk, og man blir mer \u00e5pen og mottakelig for innspill. (Derfor fungerer reklame s\u00e5 godt!)<\/p>\n\n\n\n<p>Bytt ut mobilen med en rolig stemme, lukk \u00f8ynene, lev deg inn i &laquo;dr\u00f8mmen&raquo; og ta imot innspillene som kommer &#8211; s\u00e5 har du hypnose. Istedenfor meningsl\u00f8s scrolling kan man alts\u00e5 bruke samme sinnstilstand til \u00e5 skape noe BRA. Du kan endre p\u00e5 ting som ikke fungerer, finne l\u00f8sninger, og skape et bedre forhold mellom det du gj\u00f8r bevisst og det du gj\u00f8r helt uten \u00e5 tenke deg om.<\/p>\n\n\n\n<p>Da blir det <em><strong>transe med mening<\/strong><\/em>, der den kritiske sansen \u00e5pner porten opp for et bedre samarbeid mellom ditt bevisste- og ubevisste sinn.<\/p>\n\n\n\n<p><strong>Men hva er egentlig forskjellen p\u00e5 bevisst og ubevisst sinn?<\/strong><\/p>\n\n\n\n<h2 class=\"wp-block-heading\">Ditt mentale isfjell<\/h2>\n\n\n\n<div class=\"wp-block-media-text has-media-on-the-right is-stacked-on-mobile\" style=\"grid-template-columns:auto 35%\"><div class=\"wp-block-media-text__content\">\n<p>Vi kan beskrive det totale sinnet v\u00e5rt som et isfjell. Det som ligger\u00a0<em>over<\/em>\u00a0vannflaten, det man kan <em>se<\/em>, er\u00a0<strong>det bevisste sinnet<\/strong>. Alt vi VET at vi gj\u00f8r. Planlegging av dagene fremover, analysering av det som har skjedd den siste tiden.<\/p>\n\n\n\n<p><em>Under<\/em>&nbsp;overflaten ligger&nbsp;<strong>det ubevisste sinne<\/strong>t. Autopiloten.  Minner du trodde du hadde glemt. Kroppslige funksjoner. Alt som skjer helt automatisk.<\/p>\n\n\n\n<p>Det som skiller disse to er den kritiske sansen v\u00e5r, &laquo;Portvokteren&raquo;.<\/p>\n\n\n\n<p>Sammen jobber disse delene for \u00e5 holde oss i live. Koste hva det koste vil.<\/p>\n<\/div><figure class=\"wp-block-media-text__media\"><img loading=\"lazy\" decoding=\"async\" width=\"1024\" height=\"1024\" src=\"https:\/\/finnflyten.no\/wp-content\/uploads\/2025\/01\/Isfjell1.jpg\" alt=\"\" class=\"wp-image-32 size-full\" srcset=\"https:\/\/finnflyten.no\/wp-content\/uploads\/2025\/01\/Isfjell1.jpg 1024w, https:\/\/finnflyten.no\/wp-content\/uploads\/2025\/01\/Isfjell1-300x300.jpg 300w, https:\/\/finnflyten.no\/wp-content\/uploads\/2025\/01\/Isfjell1-150x150.jpg 150w, https:\/\/finnflyten.no\/wp-content\/uploads\/2025\/01\/Isfjell1-768x768.jpg 768w\" sizes=\"auto, (max-width: 1024px) 100vw, 1024px\" \/><\/figure><\/div>\n\n\n\n<h3 class=\"wp-block-heading\">Bevisst eller ubevisst?<\/h3>\n\n\n\n<p>I det&nbsp;<strong>bevisste sinnet<\/strong>&nbsp;kan det&nbsp;<em>virke<\/em>&nbsp;som om det foreg\u00e5r enormt mye hele tiden, og det kan virke overveldende fordi stemmen vi har i hodet snakker mer eller mindre konstant. Det er i det bevisste sinnet viljestyrken og motivasjonen ligger. Vi bestemmer oss og manner oss opp, vi analyserer, reflekterer og tar avgj\u00f8relser \u2013 og derfor tror vi at vi har full kontroll.<\/p>\n\n\n\n<p>S\u00e5 feil kan man ta\u2026 S\u00e5 lite som 5-10% av sinnet v\u00e5rt er faktisk bevisst.<\/p>\n\n\n\n<p>Det&nbsp;<strong>ubevisste sinnet<\/strong>&nbsp;v\u00e5rt derimot, rommer uante ressurser. Hele 90-95% av hele v\u00e5r livsprosess ligger her, og det er her den <em>egentlige<\/em> kontrollen ligger &#8211; alt som styrer oss &#8211; uten at vi er klar over det.<\/p>\n\n\n\n<p>Her ligger et enormt lager av gamle minner &#8211; b\u00e5de fine og traumatiske &#8211; og alle emosjonene som h\u00f8rer med. Her ligger ogs\u00e5 alt som g\u00e5r p\u00e5 autopilot, som du gj\u00f8r helt uten \u00e5 tenke deg om; sykle, kj\u00f8re bil, sm\u00f8re br\u00f8dskiva, pusse tenner\u2026 Og at du er i stand til \u00e5 gj\u00f8re flere ting <em>samtidig<\/em>, som \u00e5 snakke og g\u00e5. Tegne mens du synger. <\/p>\n\n\n\n<p>Og i tillegg til dette, alt <strong>kroppen<\/strong> din gj\u00f8r av seg selv &#8211; hjertet sl\u00e5r, \u00f8ynene blunker, du puster, du ford\u00f8yer mat. Alt dette som g\u00e5r helt automatisk &#8211; alt dette som er <em>ubevisst<\/em>.<\/p>\n\n\n\n<p>Det er derfor det kan v\u00e6re vanskelig \u00e5 slutte med en uvane &#8211; fordi den delen av deg som <em>bestemmer seg<\/em> <em>for noe<\/em> er kn\u00f8ttliten i forhold til den som faktisk <em>styrer deg<\/em>. <\/p>\n\n\n\n<h2 class=\"wp-block-heading\">Skurr p\u00e5 linja<\/h2>\n\n\n\n<p>Det er derfor mange som vil g\u00e5 ned i vekt eller slutte \u00e5 r\u00f8yke p\u00e5 egenh\u00e5nd kanskje klarer det en stund, med ren viljestyrke, f\u00f8r de g\u00e5r p\u00e5 en mental smell. Og gjerne g\u00e5r opp igjen flere kilo enn de hadde i utgangspunktet.<\/p>\n\n\n\n<p><strong>Hva er problemet..?<\/strong>&nbsp;En grunn til at dette skjer kan v\u00e6re at det ubevisste sinnet ditt (autopiloten) ikke n\u00f8dvendigvis skj\u00f8nner at problemet ditt er et&nbsp;problem. Prim\u00e6roppgaven er \u00e5&nbsp;<em>redde deg<\/em>, \u00e5 holde deg i live. Dersom det &laquo;tror&raquo; at det gj\u00f8r deg en tjeneste, vil det fortsette med det. <\/p>\n\n\n\n<p>Kanskje gir r\u00f8ykingen deg ro, eller f\u00e5r deg til \u00e5 stresse ned. Kanskje du synes det er hyggelig og sosialt. Kanskje r\u00f8yken gir deg tr\u00f8st.<\/p>\n\n\n\n<p>Det er jo akkurat det <em>motsatte<\/em> av et problem.<\/p>\n\n\n\n<p>Og s\u00e5 lages det et spor, en ubevisst mental kobling: R\u00d8YK = LIV.<\/p>\n\n\n\n<div class=\"wp-block-media-text is-stacked-on-mobile\" style=\"grid-template-columns:25% auto\"><figure class=\"wp-block-media-text__media\"><img loading=\"lazy\" decoding=\"async\" width=\"1024\" height=\"1024\" src=\"https:\/\/finnflyten.no\/wp-content\/uploads\/2025\/02\/Reddet-mot-sin-vilje.jpg\" alt=\"\" class=\"wp-image-216 size-full\" srcset=\"https:\/\/finnflyten.no\/wp-content\/uploads\/2025\/02\/Reddet-mot-sin-vilje.jpg 1024w, https:\/\/finnflyten.no\/wp-content\/uploads\/2025\/02\/Reddet-mot-sin-vilje-300x300.jpg 300w, https:\/\/finnflyten.no\/wp-content\/uploads\/2025\/02\/Reddet-mot-sin-vilje-150x150.jpg 150w, https:\/\/finnflyten.no\/wp-content\/uploads\/2025\/02\/Reddet-mot-sin-vilje-768x768.jpg 768w\" sizes=\"auto, (max-width: 1024px) 100vw, 1024px\" \/><\/figure><div class=\"wp-block-media-text__content\">\n<p>Akkurat som om det ubevisste sinnet v\u00e5rt fors\u00f8ker \u00e5 redde oss litt mot v\u00e5r vilje&#8230; <\/p>\n\n\n\n<p>Men det ubevisste sinnet&nbsp;<em>tenker<\/em>&nbsp;ikke \u2013 det er jo&nbsp;<em>ubevisst<\/em>&nbsp;\u2013 s\u00e5 det spiller bare av det vanlige programmet med de gamle m\u00f8nstrene videre. <\/p>\n<\/div><\/div>\n\n\n\n<div style=\"height:25px\" aria-hidden=\"true\" class=\"wp-block-spacer\"><\/div>\n\n\n\n<h3 class=\"wp-block-heading\"><strong>Beskytte eller overbeskytte?<\/strong>&nbsp;<\/h3>\n\n\n\n<p>Noe av det samme skjer ogs\u00e5 dersom man har en fobi eller angst. Varsellampene skrus opp p\u00e5 h\u00f8yeste niv\u00e5, som det fantastiske beskyttelses-instinktet vi alle har. Og selv om du&nbsp;<em>egentlig&nbsp;<\/em>(bevisst) vet at det ikke er noen<strong>&nbsp;<\/strong>virkelig fare her og n\u00e5, opplever du at kroppen reagerer helt av seg selv likevel; pulsen \u00f8ker, du begynner \u00e5 puste raskere, kanskje svette litt, eller du stivner.<\/p>\n\n\n\n<p>Forsvarsverket ditt fungerer FOR bra, det overdriver signalene det sender deg. (Les mer om fobier her:&nbsp;<a href=\"https:\/\/finnflyten.no\/index.php\/2025\/01\/07\/fobi-og-hypnomagi\/\" data-type=\"post\" data-id=\"58\">Fobi og Hypnomagi<\/a>)<\/p>\n\n\n\n<p>S\u00e5, ofte skyldes motstanden v\u00e5rt ubevisste sinn som overbeskytter oss, eller vil gi oss noe. Det skal kanskje redde oss fra noe; veps, heiser eller skumle tannleger, ettersom vi har hatt en ubehagelig opplevelse en gang og vil for alt i verden aldri oppleve&nbsp;<em>det<\/em>&nbsp;igjen. <\/p>\n\n\n\n<p>Eller det gir deg den ultimate rustningen som skal gj\u00f8re deg kampklar, sint og sterk etter et stygt samlivsbrudd. Og deretter holde deg sint og bitter 20 \u00e5r etter bruddet, lenge etter at \u00abfaren er over\u00bb. <em>Bare for sikkerhets skyld.<\/em> For \u00e5 f\u00f8lge programmet og for \u00e5 holde deg i live.<\/p>\n\n\n\n<p><strong>Kommunikasjonen m\u00e5 bedres, det er skurr p\u00e5 linja mellom ditt bevisste- og ubevisste sinn.<\/strong><\/p>\n\n\n\n<h2 class=\"wp-block-heading\">Tankens kraft<\/h2>\n\n\n\n<p>Det sies at vi i snitt har ca 50 000 tanker i l\u00f8pet av en dag. Noen har mange flere, andre har f\u00e6rre. De aller fleste av disse tankene er de samme som vi har tenkt tidligere, med mindre man er en ung Einstein, og s\u00e5 mange som 70-80 % av alle tankene vi tenker hver dag er <strong>NEGATIVE<\/strong>!<\/p>\n\n\n\n<p>N\u00e5r man vet hvor mye \u00e9n negativ tanke kan p\u00e5virke kroppen, er dette ganske skummelt&#8230;<\/p>\n\n\n\n<div class=\"wp-block-media-text is-stacked-on-mobile\" style=\"grid-template-columns:22% auto\"><figure class=\"wp-block-media-text__media\"><img loading=\"lazy\" decoding=\"async\" width=\"1024\" height=\"1024\" src=\"https:\/\/finnflyten.no\/wp-content\/uploads\/2025\/01\/Sitron.jpg\" alt=\"\" class=\"wp-image-131 size-full\" srcset=\"https:\/\/finnflyten.no\/wp-content\/uploads\/2025\/01\/Sitron.jpg 1024w, https:\/\/finnflyten.no\/wp-content\/uploads\/2025\/01\/Sitron-300x300.jpg 300w, https:\/\/finnflyten.no\/wp-content\/uploads\/2025\/01\/Sitron-150x150.jpg 150w, https:\/\/finnflyten.no\/wp-content\/uploads\/2025\/01\/Sitron-768x768.jpg 768w\" sizes=\"auto, (max-width: 1024px) 100vw, 1024px\" \/><\/figure><div class=\"wp-block-media-text__content\">\n<p><strong>ALT<\/strong> vi tenker p\u00e5virker oss, og de fleste reaksjoner og f\u00f8lelser starter med en tanke. Man kan for eksempel sitte rolig i sofaen hjemme \u00e5 forestille seg m\u00f8tet med sjefen dagen etter, og kjenne at pulsen \u00f8ker.<\/p>\n\n\n\n<p>Tenk at du biter i en stor og saftig, gul sitron. Du kjenner den rene, syrlige duften av sitrus. Tygger sakte mens saften renner. F\u00e5r du litt vann i munnen? Kanskje en liten iling?<\/p>\n<\/div><\/div>\n\n\n\n<div style=\"height:25px\" aria-hidden=\"true\" class=\"wp-block-spacer\"><\/div>\n\n\n\n<p>Hva betyr det? Jo, at du mentalt kan p\u00e5virke kroppens fysiologi &#8211; bare ved \u00e5 bruke tankene.<\/p>\n\n\n\n<p>Stress og negative tanker har stor effekt p\u00e5 kroppen, og kan skape sykdom. Men hva om man kan snu det? Om man har klart \u00e5 skape et problem kan man vel ogs\u00e5 skape en l\u00f8sning? <\/p>\n\n\n\n<p><strong>Eller sagt p\u00e5 en annen m\u00e5te; om man har klart \u00e5 gj\u00f8re seg selv syk, kan man ikke ogs\u00e5 gj\u00f8re seg selv frisk?<\/strong><\/p>\n\n\n\n<p>Jeg har h\u00f8rt at vi mennesker faktisk er en av sv\u00e6rt f\u00e5 raser p\u00e5 jorden som har evnen til \u00e5 oppdage hva vi gj\u00f8r helt ubevisst, for s\u00e5 kunne ta et bevisst valg og endre retning. Man m\u00e5 bare bli oppmerksom p\u00e5 at man har denne evnen. Denne <em>superkraften<\/em>. Og s\u00e5 bruke den.<\/p>\n\n\n\n<h2 class=\"wp-block-heading\">Mental oppgradering<\/h2>\n\n\n\n<p>Under hypnoterapi har vi mange metoder for \u00e5 f\u00e5 kontakt og samarbeid med hele det fantastiske sinnet v\u00e5rt og kroppen v\u00e5r. Hypnose er bare \u00e9n disse metodene. I tillegg benytter vi &laquo;tapping&raquo; (EFT\/TFT) og NLP (les mer om NLP <a href=\"https:\/\/finnflyten.no\/index.php\/2025\/01\/07\/nlp-hva-er-det\/\" data-type=\"post\" data-id=\"64\">her<\/a>).<\/p>\n\n\n\n<p>Vi avdekker hvor &laquo;skurret&raquo; og motstanden ligger, oppdager hvilke tanker som m\u00e5 snus, og hvilke spor som m\u00e5 endres. Finner puslespillbiten som mangler. <\/p>\n\n\n\n<p>Og s\u00e5 starter endringsarbeidet. Da bygger vi sammen opp den nye fremtiden din.<\/p>\n\n\n\n<p><strong>Vaner er litt som spor i en akebakke. N\u00e5r du f\u00f8rst har kommet inn i et spor kan det v\u00e6re vanskelig \u00e5 endre retning. Men, om du begynner \u00e5 lage et nytt spor, og velger det nok ganger, s\u00e5 blir det til slutt et nytt, sterkt spor. En ny vane. Et nytt liv.<\/strong><\/p>\n\n\n\n<blockquote class=\"wp-block-quote is-layout-flow wp-block-quote-is-layout-flow\">\n<p>\u201cYou cannot solve a problem from the same consciousness that created it. You must learn to see the world anew.\u201d Albert Einstein<\/p>\n<\/blockquote>\n\n\n\n<p>Les gjerne mer om hva som skjer under konsultasjonen, og hva som kan behandles her:&nbsp;<a href=\"https:\/\/finnflyten.no\/index.php\/behandlinger\/\" data-type=\"page\" data-id=\"20\">Behandlinger<\/a>. Eller om tryggheten under behandling her:&nbsp;<a href=\"https:\/\/finnflyten.no\/index.php\/2025\/01\/07\/trygg-behandling\/\" data-type=\"post\" data-id=\"1\">Trygg behandling<\/a><\/p>\n","protected":false},"excerpt":{"rendered":"<p>Hva er hypnoterapi egentlig? Kort fortalt dreier hypnoterapi seg om hjelp til \u00e5 endre m\u00e5ten man tenker og gj\u00f8r ting p\u00e5. Vi bruker flere teknikker for \u00e5 oppn\u00e5 dette, som EFT\/TFT og NLP, men hovedvekten av behandlingen best\u00e5r av samtale og hypnose. Hypnose h\u00f8res kanskje skummelt ut, men det minner egentlig litt om meditasjon &#8211; &hellip; <\/p>\n","protected":false},"author":1,"featured_media":0,"parent":0,"menu_order":0,"comment_status":"closed","ping_status":"closed","template":"","meta":{"footnotes":""},"class_list":["post-22","page","type-page","status-publish","hentry","grid-sizer"],"_links":{"self":[{"href":"https:\/\/finnflyten.no\/index.php\/wp-json\/wp\/v2\/pages\/22","targetHints":{"allow":["GET"]}}],"collection":[{"href":"https:\/\/finnflyten.no\/index.php\/wp-json\/wp\/v2\/pages"}],"about":[{"href":"https:\/\/finnflyten.no\/index.php\/wp-json\/wp\/v2\/types\/page"}],"author":[{"embeddable":true,"href":"https:\/\/finnflyten.no\/index.php\/wp-json\/wp\/v2\/users\/1"}],"replies":[{"embeddable":true,"href":"https:\/\/finnflyten.no\/index.php\/wp-json\/wp\/v2\/comments?post=22"}],"version-history":[{"count":52,"href":"https:\/\/finnflyten.no\/index.php\/wp-json\/wp\/v2\/pages\/22\/revisions"}],"predecessor-version":[{"id":354,"href":"https:\/\/finnflyten.no\/index.php\/wp-json\/wp\/v2\/pages\/22\/revisions\/354"}],"wp:attachment":[{"href":"https:\/\/finnflyten.no\/index.php\/wp-json\/wp\/v2\/media?parent=22"}],"curies":[{"name":"wp","href":"https:\/\/api.w.org\/{rel}","templated":true}]}}