{"id":9,"date":"2025-01-07T14:27:18","date_gmt":"2025-01-07T14:27:18","guid":{"rendered":"https:\/\/finnflyten.no\/?page_id=9"},"modified":"2025-01-07T14:27:18","modified_gmt":"2025-01-07T14:27:18","slug":"hjem","status":"publish","type":"page","link":"https:\/\/finnflyten.no\/","title":{"rendered":"Hjem"},"content":{"rendered":"\n<p>Velkommen til nettstedet ditt! Dette er hjemmesiden, som er det de fleste bes\u00f8kende vil se n\u00e5r de kommer til nettstedet ditt for f\u00f8rste gang.<\/p>\n","protected":false},"excerpt":{"rendered":"<p>Velkommen til nettstedet ditt! Dette er hjemmesiden, som er det de fleste bes\u00f8kende vil se n\u00e5r de kommer til nettstedet ditt for f\u00f8rste gang.<\/p>\n","protected":false},"author":1,"featured_media":0,"parent":0,"menu_order":0,"comment_status":"closed","ping_status":"closed","template":"","meta":{"footnotes":""},"class_list":["post-9","page","type-page","status-publish","hentry","grid-sizer"],"_links":{"self":[{"href":"https:\/\/finnflyten.no\/index.php\/wp-json\/wp\/v2\/pages\/9","targetHints":{"allow":["GET"]}}],"collection":[{"href":"https:\/\/finnflyten.no\/index.php\/wp-json\/wp\/v2\/pages"}],"about":[{"href":"https:\/\/finnflyten.no\/index.php\/wp-json\/wp\/v2\/types\/page"}],"author":[{"embeddable":true,"href":"https:\/\/finnflyten.no\/index.php\/wp-json\/wp\/v2\/users\/1"}],"replies":[{"embeddable":true,"href":"https:\/\/finnflyten.no\/index.php\/wp-json\/wp\/v2\/comments?post=9"}],"version-history":[{"count":1,"href":"https:\/\/finnflyten.no\/index.php\/wp-json\/wp\/v2\/pages\/9\/revisions"}],"predecessor-version":[{"id":13,"href":"https:\/\/finnflyten.no\/index.php\/wp-json\/wp\/v2\/pages\/9\/revisions\/13"}],"wp:attachment":[{"href":"https:\/\/finnflyten.no\/index.php\/wp-json\/wp\/v2\/media?parent=9"}],"curies":[{"name":"wp","href":"https:\/\/api.w.org\/{rel}","templated":true}]}}